{"id":1260,"date":"2023-02-21T15:48:13","date_gmt":"2023-02-21T15:48:13","guid":{"rendered":"https:\/\/kodigodiprotekshon.com\/kodigo-di-protekshon\/"},"modified":"2024-04-02T21:32:30","modified_gmt":"2024-04-02T21:32:30","slug":"kodigo-di-protekshon","status":"publish","type":"page","link":"https:\/\/kodigo.wp.kukiko.com\/pap\/","title":{"rendered":"K\u00f3digo di Protekshon"},"content":{"rendered":"<p>[et_pb_section fb_built=&#8221;1&#8243; _builder_version=&#8221;4.24.0&#8243; _module_preset=&#8221;default&#8221; custom_margin=&#8221;0px||0px||false|false&#8221; custom_padding=&#8221;0px||0px||false|false&#8221; global_colors_info=&#8221;{}&#8221;][et_pb_row column_structure=&#8221;1_5,3_5,1_5&#8243; _builder_version=&#8221;4.24.0&#8243; _module_preset=&#8221;default&#8221; background_color=&#8221;gcid-9835d93e-354f-4cfe-9358-96477f1560f9&#8243; width=&#8221;100%&#8221; custom_padding=&#8221;|30px||30px|false|true&#8221; global_colors_info=&#8221;{%22gcid-9835d93e-354f-4cfe-9358-96477f1560f9%22:%91%22background_color%22%93}&#8221;][et_pb_column type=&#8221;1_5&#8243; _builder_version=&#8221;4.24.0&#8243; _module_preset=&#8221;default&#8221; custom_padding=&#8221;0px|0px|0px|0px|true|true&#8221; global_colors_info=&#8221;{}&#8221;][\/et_pb_column][et_pb_column type=&#8221;3_5&#8243; _builder_version=&#8221;4.19.5&#8243; _module_preset=&#8221;default&#8221; custom_padding=&#8221;30px|0px|30px|0px|true|true&#8221; global_colors_info=&#8221;{}&#8221;][et_pb_text _builder_version=&#8221;4.24.0&#8243; _module_preset=&#8221;default&#8221; text_font_size=&#8221;16px&#8221; hover_enabled=&#8221;0&#8243; global_colors_info=&#8221;{}&#8221; sticky_enabled=&#8221;0&#8243;]<\/p>\n<p>E K\u00f3digo di Protekshon ta un k\u00f3digo ku ta aplikabel\/konta pa tur profeshonalnan na K\u00f2rsou ku ta traha ku muchanan, h\u00f2bennan i adultonan riba e tereno di bienestar, ense\u00f1ansa i seguridat. Ku e K\u00f3digo di Protekshon, palabrashonnan ta w\u00f2rdu has\u00ed kon nan por se\u00f1al\u00e1 maltrato di mucha i violensia relashonal i siguidamente kua pasonan nan por tuma pa evit\u00e1 \u00f2f st\u00f2p situashonnan insigur. E K\u00f3digo di Protekshon ta aplikabel\/konta pa tur profeshonalnan ku ta trahando komo indedenpiente \u00f2f na un instansia riba e tereno di kuido (hubenil), salubridat (hubenil), ense\u00f1ansa, ense\u00f1ansa obligatorio, kr\u00e8sh, aktividatnan despues di skol, trabou den bario i sentro di bario, lider deportivo, kuido desabilit\u00e1, kuido di ansiano, kuido di v\u00edktima, kuido di migrante, reclassering(hubenil), protekshon di mucha, kuido hudisial i polis.  <\/p>\n<p>E wepsait ta un plataforma pa tur hende ku ke mas informashon \u00f2f ta buska sosten na momentu ku ta aplik\u00e1 e K\u00f3digo di Protekshon. Banda di un splikashon di <a href=\"https:\/\/kodigo.wp.kukiko.com\/pap\/5-pasonan\/\">e 5 pasonan<\/a>, tambe tin informashon tokante <a href=\"https:\/\/kodigo.wp.kukiko.com\/pap\/desaroyo-di-kapasidat\/\">desaroyo di kapasidat<\/a> i <a href=\"https:\/\/kodigo.wp.kukiko.com\/organisaties\/\">un mapa sosial<\/a>, un <a href=\"https:\/\/kodigo.wp.kukiko.com\/pap\/toolkit\/\">toolkit<\/a> i <a href=\"https:\/\/kodigo.wp.kukiko.com\/pap\/revistanan\/\">revistanan<\/a>. <\/p>\n<p>Pa mas informashon bo por tuma kontakto via <a href=\"mailto:info@kodigodiprotekshon.com\">info@kodigodiprotekshon.com.<\/a><\/p>\n<p>[\/et_pb_text][\/et_pb_column][et_pb_column type=&#8221;1_5&#8243; _builder_version=&#8221;4.19.5&#8243; _module_preset=&#8221;default&#8221; custom_padding=&#8221;0px|0px|0px|0px|true|true&#8221; global_colors_info=&#8221;{}&#8221;][\/et_pb_column][\/et_pb_row][\/et_pb_section][et_pb_section fb_built=&#8221;1&#8243; _builder_version=&#8221;4.24.0&#8243; _module_preset=&#8221;default&#8221; background_enable_image=&#8221;off&#8221; custom_margin=&#8221;0px||0px||false|false&#8221; custom_padding=&#8221;0px||0px||false|false&#8221; global_colors_info=&#8221;{}&#8221;][et_pb_row column_structure=&#8221;1_4,1_4,1_4,1_4&#8243; use_custom_gutter=&#8221;on&#8221; _builder_version=&#8221;4.19.5&#8243; _module_preset=&#8221;default&#8221; background_color=&#8221;gcid-9835d93e-354f-4cfe-9358-96477f1560f9&#8243; background_image=&#8221;https:\/\/kodigo.wp.kukiko.com\/wp-content\/uploads\/sites\/57\/2023\/02\/pattern-white2.png&#8221; background_size=&#8221;initial&#8221; background_position=&#8221;bottom_right&#8221; background_repeat=&#8221;repeat-y&#8221; width=&#8221;100%&#8221; custom_padding=&#8221;60px|60px|60px|60px|true|true&#8221; border_color_bottom=&#8221;RGBA(255,255,255,0)&#8221; locked=&#8221;off&#8221; global_colors_info=&#8221;{%22gcid-9835d93e-354f-4cfe-9358-96477f1560f9%22:%91%22background_color%22,%22background_color%22,%22background_color%22%93}&#8221;][et_pb_column type=&#8221;1_4&#8243; _builder_version=&#8221;4.19.5&#8243; _module_preset=&#8221;default&#8221; custom_padding=&#8221;0px|0px|0px|0px|true|true&#8221; global_colors_info=&#8221;{}&#8221;][et_pb_image src=&#8221;https:\/\/kodigo.wp.kukiko.com\/wp-content\/uploads\/sites\/57\/2023\/02\/handen.jpg&#8221; title_text=&#8221;handen&#8221; _builder_version=&#8221;4.19.5&#8243; _module_preset=&#8221;default&#8221; global_colors_info=&#8221;{}&#8221;][\/et_pb_image][\/et_pb_column][et_pb_column type=&#8221;1_4&#8243; _builder_version=&#8221;4.19.5&#8243; _module_preset=&#8221;default&#8221; custom_padding=&#8221;0px|0px|0px|0px|true|true&#8221; global_colors_info=&#8221;{}&#8221;][et_pb_image src=&#8221;https:\/\/kodigo.wp.kukiko.com\/wp-content\/uploads\/sites\/57\/2023\/02\/hulp1.jpg&#8221; title_text=&#8221;hulp1&#8243; _builder_version=&#8221;4.19.5&#8243; _module_preset=&#8221;default&#8221; global_colors_info=&#8221;{}&#8221;][\/et_pb_image][\/et_pb_column][et_pb_column type=&#8221;1_4&#8243; _builder_version=&#8221;4.19.5&#8243; _module_preset=&#8221;default&#8221; global_colors_info=&#8221;{}&#8221;][et_pb_image src=&#8221;https:\/\/kodigo.wp.kukiko.com\/wp-content\/uploads\/sites\/57\/2023\/02\/school.jpg&#8221; title_text=&#8221;school&#8221; _builder_version=&#8221;4.19.5&#8243; _module_preset=&#8221;default&#8221; custom_padding=&#8221;0px|||||&#8221; global_colors_info=&#8221;{}&#8221;][\/et_pb_image][\/et_pb_column][et_pb_column type=&#8221;1_4&#8243; _builder_version=&#8221;4.19.5&#8243; _module_preset=&#8221;default&#8221; global_colors_info=&#8221;{}&#8221;][et_pb_image src=&#8221;https:\/\/kodigo.wp.kukiko.com\/wp-content\/uploads\/sites\/57\/2023\/02\/bord.jpg&#8221; title_text=&#8221;bord&#8221; _builder_version=&#8221;4.19.5&#8243; _module_preset=&#8221;default&#8221; custom_padding=&#8221;0px|||||&#8221; global_colors_info=&#8221;{}&#8221;][\/et_pb_image][\/et_pb_column][\/et_pb_row][\/et_pb_section]<\/p>\n","protected":false},"excerpt":{"rendered":"<p>E K\u00f3digo di Protekshon ta un k\u00f3digo ku ta aplikabel\/konta pa tur profeshonalnan na K\u00f2rsou ku ta traha ku muchanan, h\u00f2bennan i adultonan riba e tereno di bienestar, ense\u00f1ansa i [&hellip;]<\/p>\n","protected":false},"author":6,"featured_media":1261,"parent":0,"menu_order":100,"comment_status":"closed","ping_status":"closed","template":"","meta":{"_et_pb_use_builder":"on","_et_pb_old_content":"","_et_gb_content_width":"","_price":"","_stock":"","_tribe_ticket_header":"","_tribe_default_ticket_provider":"","_tribe_ticket_capacity":"","_ticket_start_date":"","_ticket_end_date":"","_tribe_ticket_show_description":"","_tribe_ticket_show_not_going":false,"_tribe_ticket_use_global_stock":"","_tribe_ticket_global_stock_level":"","_global_stock_mode":"","_global_stock_cap":"","_tribe_rsvp_for_event":"","_tribe_ticket_going_count":"","_tribe_ticket_not_going_count":"","_tribe_tickets_list":"[]","_tribe_ticket_has_attendee_info_fields":false,"footnotes":""},"class_list":["post-1260","page","type-page","status-publish","has-post-thumbnail","hentry"],"_links":{"self":[{"href":"https:\/\/kodigo.wp.kukiko.com\/pap\/wp-json\/wp\/v2\/pages\/1260","targetHints":{"allow":["GET"]}}],"collection":[{"href":"https:\/\/kodigo.wp.kukiko.com\/pap\/wp-json\/wp\/v2\/pages"}],"about":[{"href":"https:\/\/kodigo.wp.kukiko.com\/pap\/wp-json\/wp\/v2\/types\/page"}],"author":[{"embeddable":true,"href":"https:\/\/kodigo.wp.kukiko.com\/pap\/wp-json\/wp\/v2\/users\/6"}],"replies":[{"embeddable":true,"href":"https:\/\/kodigo.wp.kukiko.com\/pap\/wp-json\/wp\/v2\/comments?post=1260"}],"version-history":[{"count":0,"href":"https:\/\/kodigo.wp.kukiko.com\/pap\/wp-json\/wp\/v2\/pages\/1260\/revisions"}],"wp:featuredmedia":[{"embeddable":true,"href":"https:\/\/kodigo.wp.kukiko.com\/pap\/wp-json\/wp\/v2\/media\/1261"}],"wp:attachment":[{"href":"https:\/\/kodigo.wp.kukiko.com\/pap\/wp-json\/wp\/v2\/media?parent=1260"}],"curies":[{"name":"wp","href":"https:\/\/api.w.org\/{rel}","templated":true}]}}