{"id":1264,"date":"2024-02-07T15:39:19","date_gmt":"2024-02-07T15:39:19","guid":{"rendered":"https:\/\/kodigodiprotekshon.com\/kontekstodefinishon\/"},"modified":"2024-04-02T21:37:37","modified_gmt":"2024-04-02T21:37:37","slug":"kontekstodefinishon","status":"publish","type":"page","link":"https:\/\/kodigo.wp.kukiko.com\/pap\/kontekstodefinishon\/","title":{"rendered":"<span>Konteksto<\/span>Definishon"},"content":{"rendered":"<p>[et_pb_section fb_built=&#8221;1&#8243; _builder_version=&#8221;4.24.0&#8243; _module_preset=&#8221;default&#8221; custom_margin=&#8221;0px||0px||false|false&#8221; custom_padding=&#8221;0px||0px||false|false&#8221; global_colors_info=&#8221;{}&#8221;][et_pb_row column_structure=&#8221;1_4,1_2,1_4&#8243; _builder_version=&#8221;4.24.0&#8243; _module_preset=&#8221;default&#8221; background_color=&#8221;gcid-9835d93e-354f-4cfe-9358-96477f1560f9&#8243; width=&#8221;100%&#8221; custom_padding=&#8221;|30px||30px|false|true&#8221; global_colors_info=&#8221;{%22gcid-9835d93e-354f-4cfe-9358-96477f1560f9%22:%91%22background_color%22%93}&#8221;][et_pb_column type=&#8221;1_4&#8243; _builder_version=&#8221;4.24.0&#8243; _module_preset=&#8221;default&#8221; custom_padding=&#8221;0px|0px|0px|0px|true|true&#8221; global_colors_info=&#8221;{}&#8221;][\/et_pb_column][et_pb_column type=&#8221;1_2&#8243; _builder_version=&#8221;4.19.5&#8243; _module_preset=&#8221;default&#8221; custom_padding=&#8221;30px|0px|30px|0px|true|true&#8221; global_colors_info=&#8221;{}&#8221;][et_pb_text _builder_version=&#8221;4.24.1&#8243; _module_preset=&#8221;default&#8221; text_font_size=&#8221;16px&#8221; global_colors_info=&#8221;{}&#8221;]<\/p>\n<p>Kiko ta maltrato di mucha i kiko ta violensia relashonal? Depend\u00e9 di e informashon atker\u00ed i eksperiensianan propio hendenan por tin un otro bista di esaki. Pa por aplik\u00e1 e K\u00f3digo di Protekshon bon e ta importante pa tur hende usa e mesun definishonnan.  <\/p>\n<p>[\/et_pb_text][\/et_pb_column][et_pb_column type=&#8221;1_4&#8243; _builder_version=&#8221;4.24.0&#8243; _module_preset=&#8221;default&#8221; custom_padding=&#8221;0px|0px|0px|0px|true|true&#8221; global_colors_info=&#8221;{}&#8221;][\/et_pb_column][\/et_pb_row][et_pb_row _builder_version=&#8221;4.24.0&#8243; _module_preset=&#8221;default&#8221; background_color=&#8221;gcid-9835d93e-354f-4cfe-9358-96477f1560f9&#8243; width=&#8221;100%&#8221; custom_margin=&#8221;0px||0px||false|false&#8221; custom_padding=&#8221;0px|30px|0px|30px|false|true&#8221; global_colors_info=&#8221;{%22gcid-9835d93e-354f-4cfe-9358-96477f1560f9%22:%91%22background_color%22%93}&#8221;][et_pb_column type=&#8221;4_4&#8243; _builder_version=&#8221;4.24.0&#8243; _module_preset=&#8221;default&#8221; custom_padding=&#8221;30px|3%|0px|3%|false|true&#8221; custom_padding_tablet=&#8221;0px|0%||0%|false|true&#8221; custom_padding_phone=&#8221;0px|0%||0%|false|true&#8221; custom_padding_last_edited=&#8221;on|tablet&#8221; global_colors_info=&#8221;{}&#8221;][et_pb_text _builder_version=&#8221;4.19.5&#8243; _module_preset=&#8221;default&#8221; global_colors_info=&#8221;{}&#8221;]<\/p>\n<h2>Maltrato di mucha<\/h2>\n<p>[\/et_pb_text][\/et_pb_column][\/et_pb_row][et_pb_row column_structure=&#8221;1_4,1_2,1_4&#8243; _builder_version=&#8221;4.24.0&#8243; _module_preset=&#8221;default&#8221; background_color=&#8221;gcid-9835d93e-354f-4cfe-9358-96477f1560f9&#8243; width=&#8221;100%&#8221; custom_margin_tablet=&#8221;0px||0px||false|false&#8221; custom_margin_phone=&#8221;0px||0px||false|false&#8221; custom_margin_last_edited=&#8221;on|tablet&#8221; custom_padding=&#8221;0px|30px|0px|30px|false|true&#8221; global_colors_info=&#8221;{%22gcid-9835d93e-354f-4cfe-9358-96477f1560f9%22:%91%22background_color%22%93}&#8221;][et_pb_column type=&#8221;1_4&#8243; _builder_version=&#8221;4.24.0&#8243; _module_preset=&#8221;default&#8221; custom_padding=&#8221;30px|3%|30px|3%|true|true&#8221; custom_padding_tablet=&#8221;0px|0%|0px|0%|true|true&#8221; custom_padding_phone=&#8221;0px|0%|0px|0%|true|true&#8221; custom_padding_last_edited=&#8221;on|tablet&#8221; global_colors_info=&#8221;{}&#8221;][et_pb_image src=&#8221;https:\/\/kodigo.wp.kukiko.com\/wp-content\/uploads\/sites\/57\/2023\/02\/portret.jpg&#8221; title_text=&#8221;portret&#8221; src_tablet=&#8221;https:\/\/kodigo.wp.kukiko.com\/wp-content\/uploads\/sites\/57\/2023\/02\/portret.jpg&#8221; src_phone=&#8221;https:\/\/kodigo.wp.kukiko.com\/wp-content\/uploads\/sites\/57\/2023\/02\/portret.jpg&#8221; src_last_edited=&#8221;on|tablet&#8221; _builder_version=&#8221;4.24.0&#8243; _module_preset=&#8221;default&#8221; width_tablet=&#8221;40%&#8221; width_phone=&#8221;60%&#8221; width_last_edited=&#8221;on|phone&#8221; global_colors_info=&#8221;{}&#8221; src__hover_enabled=&#8221;on|desktop&#8221; src__hover=&#8221;https:\/\/kodigo.wp.kukiko.com\/wp-content\/uploads\/sites\/57\/2023\/02\/portret.jpg&#8221;][\/et_pb_image][\/et_pb_column][et_pb_column type=&#8221;1_2&#8243; _builder_version=&#8221;4.19.5&#8243; _module_preset=&#8221;default&#8221; custom_padding=&#8221;30px|0px|30px|0px|true|true&#8221; global_colors_info=&#8221;{}&#8221;][et_pb_text _builder_version=&#8221;4.24.0&#8243; _module_preset=&#8221;default&#8221; text_font_size=&#8221;16px&#8221; header_6_font_size=&#8221;16px&#8221; global_colors_info=&#8221;{}&#8221;]<\/p>\n<p>Maltrato di mucha ta tur forma di interakshon menasante \u00f2f violento, f\u00edsiko, s\u00edkiko \u00f2f seksual pa ku un menor di edat, ku mayornan \u00f2f otro personanan di kua e menor di edat ta den un relashon di dependensia \u00f2f pa falta di libertat, impon\u00e9 aktivo \u00f2f pasivo, ku konsekuensia ku da\u00f1o sev\u00e9ro ta w\u00f2rdu okashon\u00e1 \u00f2f e menasa ku da\u00f1o ta w\u00f2rdu okashon\u00e1 na e menor di edat den forma di leshon\/da\u00f1o f\u00edsiko \u00f2f s\u00edkiko.<\/p>\n<h6>Fuente: Maduro, E. (2015) Maltrato di mucha mundial i na K\u00f2rsou. Den CBS Modus Statistisch Magazine Cura\u00e7ao <\/h6>\n<p>Tin diferente forma di maltrato di mucha: maltrato f\u00edsiko, emoshonal i seksual. Tin ora ta trata di un kombinashon di diferente formanan. Ta testigu di violensia (relashonal), negligensia f\u00edsiko \u00f2f emoshonal tambe ta w\u00f2rdu konsider\u00e1 komo formanan di maltrato di mucha.  <\/p>\n<h6>Fuente: Nederlands Jeugdinstituut. Dossier Kindermishandeling <\/h6>\n<p>[\/et_pb_text][\/et_pb_column][et_pb_column type=&#8221;1_4&#8243; _builder_version=&#8221;4.24.0&#8243; _module_preset=&#8221;default&#8221; custom_padding=&#8221;0px|0px|0px|0px|false|true&#8221; global_colors_info=&#8221;{}&#8221;][\/et_pb_column][\/et_pb_row][et_pb_row _builder_version=&#8221;4.24.0&#8243; _module_preset=&#8221;default&#8221; background_color=&#8221;gcid-9835d93e-354f-4cfe-9358-96477f1560f9&#8243; width=&#8221;100%&#8221; custom_margin=&#8221;0px||0px||false|false&#8221; custom_padding=&#8221;0px|30px|0px|30px|false|true&#8221; global_colors_info=&#8221;{%22gcid-9835d93e-354f-4cfe-9358-96477f1560f9%22:%91%22background_color%22%93}&#8221;][et_pb_column type=&#8221;4_4&#8243; _builder_version=&#8221;4.24.0&#8243; _module_preset=&#8221;default&#8221; custom_padding=&#8221;30px|3%|0px|3%|false|true&#8221; custom_padding_tablet=&#8221;0px|0%|0px|0%|false|true&#8221; custom_padding_phone=&#8221;0px|0%|0px|0%|false|true&#8221; custom_padding_last_edited=&#8221;on|tablet&#8221; global_colors_info=&#8221;{}&#8221;][et_pb_text _builder_version=&#8221;4.19.5&#8243; _module_preset=&#8221;default&#8221; global_colors_info=&#8221;{}&#8221;]<\/p>\n<h2>Violensia relashonal<\/h2>\n<p>[\/et_pb_text][\/et_pb_column][\/et_pb_row][et_pb_row column_structure=&#8221;1_4,1_2,1_4&#8243; _builder_version=&#8221;4.24.0&#8243; _module_preset=&#8221;default&#8221; background_color=&#8221;gcid-9835d93e-354f-4cfe-9358-96477f1560f9&#8243; width=&#8221;100%&#8221; custom_padding=&#8221;0px|30px|0px|30px|false|true&#8221; global_colors_info=&#8221;{%22gcid-9835d93e-354f-4cfe-9358-96477f1560f9%22:%91%22background_color%22,%22background_color%22,%22background_color%22%93}&#8221;][et_pb_column type=&#8221;1_4&#8243; _builder_version=&#8221;4.24.0&#8243; _module_preset=&#8221;default&#8221; custom_padding=&#8221;30px|3%|30px|3%|true|true&#8221; custom_padding_tablet=&#8221;0px|0%|0px|0%|true|true&#8221; custom_padding_phone=&#8221;0px|0%|0px|0%|true|true&#8221; custom_padding_last_edited=&#8221;on|desktop&#8221; global_colors_info=&#8221;{}&#8221;][et_pb_image src=&#8221;https:\/\/kodigo.wp.kukiko.com\/wp-content\/uploads\/sites\/57\/2023\/02\/geweld.jpg&#8221; title_text=&#8221;violensia&#8221; _builder_version=&#8221;4.19.5&#8243; _module_preset=&#8221;default&#8221; width_tablet=&#8221;40%&#8221; width_phone=&#8221;60%&#8221; width_last_edited=&#8221;on|phone&#8221; global_colors_info=&#8221;{}&#8221;][\/et_pb_image][\/et_pb_column][et_pb_column type=&#8221;1_2&#8243; _builder_version=&#8221;4.19.5&#8243; _module_preset=&#8221;default&#8221; custom_padding=&#8221;30px|0px|30px|0px|true|true&#8221; global_colors_info=&#8221;{}&#8221;][et_pb_text _builder_version=&#8221;4.24.0&#8243; _module_preset=&#8221;default&#8221; text_font_size=&#8221;16px&#8221; header_6_font_size=&#8221;16px&#8221; global_colors_info=&#8221;{}&#8221;]<\/p>\n<p>u e t\u00e9rmino violensia relashonal ta w\u00f2rdu aklar\u00e1 ku e violensia no \u00fanikamente ta tuma lug\u00e1 den un kas. Ta trata di violensia ku ta w\u00f2rdu komet\u00e9 dor di un persona ku ta den e famia di- \u00f2f den un relashon amoroso ku e v\u00edktima, independientemente e lug\u00e1 kaminda e violensia w\u00f2rdu komet\u00e9. <\/p>\n<p>Ora ta trata di violensia relashonal mayoria biaha ta trata di violensia f\u00edsiko i\/\u00f2f seksual ku \u00f2f sin da\u00f1o na materialnan, kaminda e sospechoso i e v\u00edktima ta famia biol\u00f3giko- i\/\u00f2f pa medio di matrimonio \u00f2f tin un relashon amoroso ku otro (paf\u00f3 di e matrimonio) \u00f2f tin\/tabatin un relashon amoroso ku un persona ku ya ta den un matrimonio i\/\u00f2f ta amigu-\/amiganan (di kas) di otro. Einan ta trata di h\u00f2mbernan, muh\u00e9nan, menornan di edat i\/\u00f2f adultonan ku por ta v\u00edktima \u00f2f sospechoso di violensia den e esfera relashonal. Maltrato di mucha, maltrato di pareha i maltrato di adulto ta formanan di violensia relashonal.  <\/p>\n<h6>Fuente: Openbaar Ministerie Cura\u00e7ao, Aanwijzing relationeel geweld (2017)<\/h6>\n<p>[\/et_pb_text][\/et_pb_column][et_pb_column type=&#8221;1_4&#8243; _builder_version=&#8221;4.24.0&#8243; _module_preset=&#8221;default&#8221; custom_padding=&#8221;0px|0px|0px|0px|true|true&#8221; global_colors_info=&#8221;{}&#8221;][\/et_pb_column][\/et_pb_row][\/et_pb_section]<\/p>\n","protected":false},"excerpt":{"rendered":"<p>Kiko ta maltrato di mucha i kiko ta violensia relashonal? Depend\u00e9 di e informashon atker\u00ed i eksperiensianan propio hendenan por tin un otro bista di esaki. Pa por aplik\u00e1 e [&hellip;]<\/p>\n","protected":false},"author":6,"featured_media":1265,"parent":0,"menu_order":200,"comment_status":"closed","ping_status":"closed","template":"","meta":{"_et_pb_use_builder":"on","_et_pb_old_content":"","_et_gb_content_width":"","_price":"","_stock":"","_tribe_ticket_header":"","_tribe_default_ticket_provider":"","_tribe_ticket_capacity":"","_ticket_start_date":"","_ticket_end_date":"","_tribe_ticket_show_description":"","_tribe_ticket_show_not_going":false,"_tribe_ticket_use_global_stock":"","_tribe_ticket_global_stock_level":"","_global_stock_mode":"","_global_stock_cap":"","_tribe_rsvp_for_event":"","_tribe_ticket_going_count":"","_tribe_ticket_not_going_count":"","_tribe_tickets_list":"[]","_tribe_ticket_has_attendee_info_fields":false,"footnotes":""},"class_list":["post-1264","page","type-page","status-publish","has-post-thumbnail","hentry"],"_links":{"self":[{"href":"https:\/\/kodigo.wp.kukiko.com\/pap\/wp-json\/wp\/v2\/pages\/1264","targetHints":{"allow":["GET"]}}],"collection":[{"href":"https:\/\/kodigo.wp.kukiko.com\/pap\/wp-json\/wp\/v2\/pages"}],"about":[{"href":"https:\/\/kodigo.wp.kukiko.com\/pap\/wp-json\/wp\/v2\/types\/page"}],"author":[{"embeddable":true,"href":"https:\/\/kodigo.wp.kukiko.com\/pap\/wp-json\/wp\/v2\/users\/6"}],"replies":[{"embeddable":true,"href":"https:\/\/kodigo.wp.kukiko.com\/pap\/wp-json\/wp\/v2\/comments?post=1264"}],"version-history":[{"count":0,"href":"https:\/\/kodigo.wp.kukiko.com\/pap\/wp-json\/wp\/v2\/pages\/1264\/revisions"}],"wp:featuredmedia":[{"embeddable":true,"href":"https:\/\/kodigo.wp.kukiko.com\/pap\/wp-json\/wp\/v2\/media\/1265"}],"wp:attachment":[{"href":"https:\/\/kodigo.wp.kukiko.com\/pap\/wp-json\/wp\/v2\/media?parent=1264"}],"curies":[{"name":"wp","href":"https:\/\/api.w.org\/{rel}","templated":true}]}}